{"id":619,"date":"2021-02-13T22:12:45","date_gmt":"2021-02-13T21:12:45","guid":{"rendered":"https:\/\/sk.movingservice.sk\/reklamacie\/"},"modified":"2021-02-24T14:58:23","modified_gmt":"2021-02-24T13:58:23","slug":"return-policy","status":"publish","type":"page","link":"https:\/\/sk.movingservice.sk\/en\/return-policy\/","title":{"rendered":"Return Policy"},"content":{"rendered":"\t\t<div data-elementor-type=\"wp-page\" data-elementor-id=\"619\" class=\"elementor elementor-619 elementor-236\" data-elementor-settings=\"[]\">\n\t\t\t\t\t\t\t<div class=\"elementor-section-wrap\">\n\t\t\t\t\t\t\t<section class=\"elementor-section elementor-top-section elementor-element elementor-element-0be1678 elementor-section-boxed elementor-section-height-default elementor-section-height-default\" data-id=\"0be1678\" data-element_type=\"section\">\n\t\t\t\t\t\t<div class=\"elementor-container elementor-column-gap-default\">\n\t\t\t\t\t<div class=\"elementor-column elementor-col-100 elementor-top-column elementor-element elementor-element-7f37e01\" data-id=\"7f37e01\" data-element_type=\"column\">\n\t\t\t<div class=\"elementor-widget-wrap elementor-element-populated\">\n\t\t\t\t\t\t\t\t<div class=\"elementor-element elementor-element-9f0ee94 elementor-widget elementor-widget-spacer\" data-id=\"9f0ee94\" data-element_type=\"widget\" data-widget_type=\"spacer.default\">\n\t\t\t\t<div class=\"elementor-widget-container\">\n\t\t\t\t\t<div class=\"elementor-spacer\">\n\t\t\t<div class=\"elementor-spacer-inner\"><\/div>\n\t\t<\/div>\n\t\t\t\t<\/div>\n\t\t\t\t<\/div>\n\t\t\t\t<div class=\"elementor-element elementor-element-ab84a9d elementor-widget elementor-widget-heading\" data-id=\"ab84a9d\" data-element_type=\"widget\" data-widget_type=\"heading.default\">\n\t\t\t\t<div class=\"elementor-widget-container\">\n\t\t\t<h2 class=\"elementor-heading-title elementor-size-default\">Return Policy<\/h2>\t\t<\/div>\n\t\t\t\t<\/div>\n\t\t\t\t<div class=\"elementor-element elementor-element-3fbbcec elementor-widget elementor-widget-spacer\" data-id=\"3fbbcec\" data-element_type=\"widget\" data-widget_type=\"spacer.default\">\n\t\t\t\t<div class=\"elementor-widget-container\">\n\t\t\t\t\t<div class=\"elementor-spacer\">\n\t\t\t<div class=\"elementor-spacer-inner\"><\/div>\n\t\t<\/div>\n\t\t\t\t<\/div>\n\t\t\t\t<\/div>\n\t\t\t\t<div class=\"elementor-element elementor-element-3c363fc elementor-widget elementor-widget-text-editor\" data-id=\"3c363fc\" data-element_type=\"widget\" data-widget_type=\"text-editor.default\">\n\t\t\t\t<div class=\"elementor-widget-container\">\n\t\t\t\t\t<div class=\"elementor-text-editor elementor-clearfix\"><p><span style=\"color: #333333;\">Spoloc\u030cnost\u030c SKANLINE s.r.o. neponu\u0301ka z\u030ciadne zaruc\u030cene\u0301 dodacie lehoty. Vs\u030cetky dodacie lehoty su\u0301 len informati\u0301vne a mo\u0302z\u030cu sa zmenit\u030c a predl\u0301z\u030cit\u030c z do\u0302vodu na strane kurie\u0301rov alebo z vonkajs\u030ci\u0301ch pri\u0301c\u030cin.<\/span><\/p>\n<p><span style=\"color: #333333;\">V pri\u0301pade neskore\u0301ho dodania spoloc\u030cnost\u030c SKANLINE s.r.o. alebo poskytovatel\u030c kurie\u0301rskych sluz\u030cieb nenesie zodpovednost\u030c za ake\u0301kol\u030cvek s\u030ckody c\u030ci ujmy, a nie je povinny\u0301 splnit\u030c ake\u0301kol\u030cvek povinnosti alebo uhradit\u030c ake\u0301kol\u030cvek na\u0301klady vyply\u0301vaju\u0301ce z omes\u030ckania.<\/span><\/p>\n<p><span style=\"color: #333333;\">V pri\u0301pade akejkol\u030cvek reklama\u0301cie je odosielatel\u030c povinny\u0301 prepravcovi ozna\u0301mit\u030c reklama\u0301ciu za\u0301sielky a poskytnu\u0301t\u030c mu vs\u030cetky potrebne\u0301 dokumenty k reklama\u0301cii, a to najnesko\u0302r do 24 hodi\u0301n od da\u0301tumu prevzatia za\u0301sielky. Vs\u030cetky prepravovane\u0301 bali\u0301ky su\u0301 poistene\u0301 do vy\u0301s\u030cky 200,- \u20ac, 1 paletove\u0301 miesto do vy\u0301s\u030cky 1 500 \u20ac a cele\u0301 vozidlo az\u030c do vy\u0301s\u030cky 20 000 \u20ac.<\/span><\/p>\n<p><span style=\"color: #333333;\">Ods\u030ckodne\u0301 je vypla\u0301cane\u0301 v su\u0301lade so skutoc\u030cny\u0301mi na\u0301kladmi na opravu\/vy\u0301menu.<\/span><\/p>\n<p><span style=\"color: #333333;\">Poistenie je platne\u0301 iba v pri\u0301pade, ked\u030c boli vs\u030cetky poloz\u030cky riadne zabalene\u0301. Spra\u0301vne balenie nesmie byt\u030c pos\u030ckodene\u0301. Prepravovane\u0301 predmety musia byt\u030c zabalene\u0301 v pevny\u0301ch karto\u0301novy\u0301ch krabiciach alebo vo vystuz\u030ceny\u0301ch kufroch, ktore\u0301 musia byt\u030c riadne uzatvorene\u0301. Cenne\u0301 alebo krehke\u0301 predmety musia byt\u030c zabelene\u0301 v ochrannej fo\u0301lii a bezpec\u030cne uloz\u030cene\u0301 v krabiciach.<\/span><\/p>\n<p><span style=\"color: #333333;\">Pre zac\u030catie reklamac\u030cne\u0301ho konania je potrebne\u0301, aby za\u0301kazni\u0301k (su\u0301kromna\u0301 osoba) predloz\u030cil doklad o nadobudnuti\u0301 prepravovanej veci (faktu\u0301ra alebo pokladnic\u030cny\u0301 blok), na ktoru\u0301 si bude uplatn\u030covat\u030c reklama\u0301ciu. Ak za\u0301kazni\u0301k tento doklad nepredloz\u030ci\u0301, na\u0301rok na kompenza\u0301ciu stratenej, pos\u030ckodenej alebo znehodnotenej za\u0301sielky zanika\u0301. Pri pra\u0301vnicky\u0301ch osoba\u0301ch je potrebna\u0301 faktu\u0301ra alebo dodaci\u0301 list od predmetnej za\u0301sielky.<\/span><\/p>\n<h2><span style=\"color: #333333;\">Zodpovednost\u030c za pos\u030ckodenie alebo stratu za\u0301sielky<\/span><\/h2>\n<p><span style=\"color: #333333;\">Spoloc\u030cnost\u030c SKANLINE s.r.o. vyuz\u030ci\u0301va on-line objedna\u0301vkovy\u0301 syste\u0301m prepravy prostredni\u0301ctvom dome\u0301ny Movingservice.sk a spoloc\u030cnost\u030c ako taka\u0301 nebude zodpovedna\u0301 za stratu alebo pos\u030ckodenie za\u0301sielky a jej obsahu v pri\u0301pade, ak bude za\u0301sielku preberat\u030c na\u0301s\u030c poskytovatel\u030c prepravno-s\u030cpedic\u030cny\u0301ch sluz\u030cieb. V pri\u0301pade, ak prevzatie za\u0301sielok bude realizovane\u0301 vozidlami nas\u030cej spoloc\u030cnosti, spoloc\u030cnost\u030c SKANLINE s.r.o. prevezme plnu\u0301 zodpovednost\u030c za vzniknutu\u0301 s\u030ckodu. SKANLINE s.r.o. spolupracuje len s vysokokvalitny\u0301mi poskytovatel\u030cmi kurie\u0301rskych sluz\u030cieb, a preto k pos\u030ckodeniu c\u030ci strate docha\u0301dza vel\u030cmi zriedkavo.<\/span><\/p>\n<p><span style=\"color: #333333;\">Poskytovatel\u030c kurie\u0301rskych sluz\u030cieb je zodpovedny\u0301 za prevzatie, prepravu a doruc\u030cenie vs\u030cetky\u0301ch za\u0301sielok objednany\u0301ch prostredni\u0301ctvom spoloc\u030cnosti SKANLINE s.r.o. nasledovne:<\/span><\/p>\n<ul>\n<li><span style=\"color: #333333;\">vs\u030cetky objedna\u0301vky zahr\u0301n\u030caju\u0301 aj poistenie, ktore\u0301 je uz\u030c zahrnute\u0301 v za\u0301kladnej cene prepravy;<\/span><\/li>\n<li><span style=\"color: #333333;\">ak za\u0301sielka obsahuje poloz\u030cky s vys\u030cs\u030cou hodnotou, odosielatel\u030c je povinny\u0301 si zabezpec\u030cit\u030c dodatoc\u030cne\u0301 poistenie. Ak ma\u0301te za\u0301ujem o pripoistenie za\u0301sielky, radi Va\u0301m pomo\u0302z\u030ceme. Stac\u030ci\u0301, ak sa po zadani\u0301 objedna\u0301vky obra\u0301tite na na\u0301s\u030c helpdesk a kontaktujete na\u0301s. Doplnkove\u0301 pripoistenie musi\u0301 byt\u030c zabezpec\u030cene\u0301 do 1 dn\u030ca pred da\u0301tumom odovzdania za\u0301sielky. Je u\u0301c\u030ctovane\u0301 v su\u0301lade s cenni\u0301kom pri\u0301slus\u030cne\u0301ho kurie\u0301ra;<\/span><\/li>\n<li><span style=\"color: #333333;\">aby sa predis\u030clo pos\u030ckodeniu, musi\u0301te vziat\u030c do u\u0301vahy, z\u030ce aj napriek opatrnosti zo strany poskytovatel\u030cov kurie\u0301rskych sluz\u030cieb mo\u0302z\u030cu byt\u030c za\u0301sielky nakladane\u0301, triedene\u0301 a vykladane\u0301 elektronicky, a preto musia byt\u030c riadne zabalene\u0301. Za\u0301sielka musi\u0301 byt\u030c zabalena\u0301 taky\u0301m spo\u0302sobom, aby nedos\u030clo k jej pos\u030ckodeniu v pri\u0301pade pa\u0301du z vy\u0301s\u030cky jedne\u0301ho metra;<\/span><\/li>\n<li><span style=\"color: #333333;\">kaz\u030cda\u0301 za\u0301sielka musi\u0301 byt\u030c riadne zabalena\u0301. Za vhodne\u0301 balenie sa povaz\u030cuje nepos\u030ckodeny\u0301 karto\u0301n zodpovedaju\u0301cej tvrdosti v za\u0301vislosti od obsahu za\u0301sielky, s\u030ckatul\u030ca zabalena\u0301 v ochrannej plastovej fo\u0301lii, pri\u0301padne vo vystuz\u030ceny\u0301ch cestovny\u0301ch kufroch, ktore\u0301 musia byt\u030c riadne uzatvorene\u0301;<\/span><\/li>\n<li><span style=\"color: #333333;\">od odovzdania za\u0301sielky po miesto jej doruc\u030cenia bude Vas\u030ca za\u0301sielka pod dohl\u030cadom kurie\u0301ra.<\/span><\/li>\n<\/ul>\n<h2><span style=\"color: #333333;\">Poistenie, zodpovednost\u030c a poistne\u0301 krytie<\/span><\/h2>\n<p><span style=\"color: #333333;\">Pre pri\u0301pad pos\u030ckodenia alebo straty su\u0301 vs\u030cetky poloz\u030cky poistene\u0301 do vy\u0301s\u030cky 200,- \u20ac, 1 paletove\u0301 miesto do vy\u0301s\u030cky 1 500 \u20ac a cele\u0301 vozidlo az\u030c do vy\u0301s\u030cky 20 000 \u20ac.<\/span><\/p>\n<p><span style=\"color: #333333;\">Ods\u030ckodne\u0301 je vypla\u0301cane\u0301 v su\u0301lade so skutoc\u030cny\u0301mi na\u0301kladmi na opravu\/vy\u0301menu.<\/span><\/p>\n<p><span style=\"color: #333333;\">Poistenie je platne\u0301 iba v pri\u0301pade, ked\u030c boli vs\u030cetky poloz\u030cky riadne zabalene\u0301. Spra\u0301vne balenie nesmie byt\u030c pos\u030ckodene\u0301. Prepravovane\u0301 predmety musia byt\u030c zabalene\u0301 v pevny\u0301ch karto\u0301novy\u0301ch krabiciach alebo vo vystuz\u030ceny\u0301ch kufroch, ktore\u0301 musia byt\u030c riadne uzatvorene\u0301. Cenne\u0301 alebo krehke\u0301 predmety musia byt\u030c zabelene\u0301 v ochrannej fo\u0301lii a bezpec\u030cne uloz\u030cene\u0301 v krabiciach.<\/span><\/p>\n<p><span style=\"color: #333333;\">V pri\u0301pade pos\u030ckodenia c\u030ci straty okamz\u030cite informujte kurie\u0301ra (priamo na mieste doruc\u030cenia) alebo kontaktujete na\u0301s, a to najnesko\u0302r do 24 hodi\u0301n po prijati\u0301 svojej za\u0301sielky. Po obdrz\u030cani\u0301 vs\u030cetky\u0301ch potrebny\u0301ch informa\u0301cii\u0301 a dokumentov pristu\u0301pime k reklamac\u030cne\u0301mu konaniu a budeme ho viest\u030c bezplatne vo Vas\u030com mene.<\/span><\/p>\n<p><span style=\"color: #333333;\">Na z\u030ciadost\u030c za\u0301kazni\u0301ka spoloc\u030cnost\u030c SKANLINE s.r.o. postu\u0301pi vs\u030cetky na\u0301roky a pra\u0301va vyply\u0301vaju\u0301ce z transakcii\u0301 uskutoc\u030cneny\u0301ch vo vlastnom mene na u\u0301c\u030cet za\u0301kazni\u0301ka, vra\u0301tane uplatnenia na\u0301rokov na za\u0301klade zodpovednosti vybrane\u0301ho poskytovatel\u030ca kurie\u0301rskych sluz\u030cieb za nerealizovanie alebo nespra\u0301vne realizovanie kurie\u0301rskej sluz\u030cby.<\/span><\/p>\n<p><span style=\"color: #333333;\">V pri\u0301pade straty spoloc\u030cnost\u030c SKANLINE s.r.o. pomo\u0302z\u030ce za\u0301kazni\u0301kovi pri uplatn\u030covani\u0301 na\u0301rokov voc\u030ci poskytovatel\u030covi kurie\u0301rskych sluz\u030cieb.<\/span><\/p>\n<p><span style=\"color: #333333;\">S\u030ckody spo\u0302sobene\u0301 terorizmom, pri\u0301rodny\u0301mi katastrofami a prepravou zaka\u0301zany\u0301ch predmetov nemo\u0302z\u030cu byt\u030c predmetom poistne\u0301ho krytia.<\/span><\/p>\n<p><span style=\"color: #333333;\">Spoloc\u030cnost\u030c SKANLINE s.r.o. nenesie zodpovednost\u030c za s\u030ckody, straty, zmes\u030ckane\u0301 alebo oneskorene\u0301 prevzatie, neuskutoc\u030cnene\u0301 alebo neskore\u0301 doruc\u030cenie alebo za ake\u0301kol\u030cvek ine\u0301 s\u030ckody alebo na\u0301klady, ktore\u0301 vyply\u0301vaju\u0301 zo sluz\u030cieb objednany\u0301ch prostredni\u0301ctvom objedna\u0301vkove\u0301ho syste\u0301mu spoloc\u030cnosti SKANLINE s.r.o., ani za na\u0301klady a s\u030ckody, ktore\u0301 su\u0301 na\u0301sledne spojene\u0301 s ty\u0301mito sluz\u030cbami.<\/span><\/p>\n<p><span style=\"color: #333333;\">Spoloc\u030cnost\u030c SKANLINE s.r.o. nenesie z\u030ciadnu zodpovednost\u030c za pri\u0301padne\u0301 straty zisku v do\u0302sledku udalosti\u0301 popi\u0301sany\u0301ch v predcha\u0301dzaju\u0301com odseku.<\/span><\/p>\n<h2><span style=\"color: #333333;\">Postup v pri\u0301pade pos\u030ckodenia alebo straty<\/span><\/h2>\n<p><span style=\"color: #333333;\">S ciel\u030com zaha\u0301jit\u030c konanie s kurie\u0301rom v do\u0302sledku vzniknutej straty alebo pos\u030ckodenia za\u0301sielky spoloc\u030cnost\u030c SKANLINE s.r.o. musi\u0301 zi\u0301skat\u030c informa\u0301cie uvedene\u0301 v tomto bode.<\/span><\/p>\n<p><span style=\"color: #333333;\">Ak za\u0301sielka nie je dodana\u0301 do 5 dni\u0301 od jej pla\u0301novane\u0301ho da\u0301tumu dodania, za\u0301kazni\u0301k na\u0301s musi\u0301 o tom pi\u0301somne alebo telefonicky informovat\u030c.<\/span><\/p>\n<p><span style=\"color: #333333;\">Ozna\u0301menie uvedene\u0301 v predcha\u0301dzaju\u0301cich dvoch odsekoch musi\u0301 byt\u030c doloz\u030cene\u0301:<\/span><\/p>\n<ul>\n<li><span style=\"color: #333333;\">zoznamom obsahu za\u0301sielky a jej hodnotou<\/span><\/li>\n<li><span style=\"color: #333333;\">vonkajs\u030ci\u0301m opisom za\u0301sielky<\/span><\/li>\n<li><span style=\"color: #333333;\">informa\u0301ciami o spo\u0302sobe balenia<\/span><\/li>\n<li><span style=\"color: #333333;\">potvrdeni\u0301m o odovzdani\u0301 za\u0301sielky<\/span><\/li>\n<li><span style=\"color: #333333;\">dokladom o nadobudnuti\u0301 dane\u0301ho tovaru<\/span><\/li>\n<\/ul>\n<p><span style=\"color: #333333;\">V pri\u0301pade doruc\u030cenia pos\u030ckodenej za\u0301sielky za\u0301kazni\u0301k nemusi\u0301 bezpodmienec\u030cne prevziat\u030c za\u0301sielku a musi\u0301 spi\u0301sat\u030c spolu s kurie\u0301rom spra\u0301vu, ktora\u0301 bude obsahovat\u030c fotografie a podrobny\u0301 opis jej pos\u030ckodenia. Za\u0301pis musi\u0301 byt\u030c<\/span><\/p>\n<p><span style=\"color: #333333;\">podpi\u0301sany\u0301 kurie\u0301rom aj za\u0301kazni\u0301kom. Okrem toho musi\u0301 za\u0301kazni\u0301k informovat\u030c spoloc\u030cnost\u030c SKANLINE s.r.o. pi\u0301somne do 24 hodi\u0301n od prijatia pos\u030ckodenej za\u0301sielky. Ozna\u0301menie musi\u0301 byt\u030c spreva\u0301dzane\u0301:<\/span><\/p>\n<ul>\n<li><span style=\"color: #333333;\">za\u0301pisom<\/span><\/li>\n<li><span style=\"color: #333333;\">jasne viditel\u030cny\u0301mi fotografiami pos\u030ckodenia za\u0301sielky<\/span><\/li>\n<li><span style=\"color: #333333;\">hodnotou pos\u030ckodeny\u0301ch veci\u0301<\/span><\/li>\n<li><span style=\"color: #333333;\">adresou, na ktorej kurie\u0301r mo\u0302z\u030ce skontrolovat\u030c a, ak je to potrebne\u0301, vyzdvihnu\u0301t\u030c pos\u030ckodene\u0301 poloz\u030cky<\/span><\/li>\n<li><span style=\"color: #333333;\">potvrdeni\u0301m o odovzdani\u0301 za\u0301sielky<\/span><\/li>\n<\/ul>\n<p><span style=\"color: #333333;\">V pri\u0301pade, z\u030ce za\u0301kazni\u0301k neinformuje spoloc\u030cnost\u030c SKANLINE s.r.o. a nepredloz\u030ci\u0301 vs\u030cetky poz\u030cadovane\u0301 dokumenty, ma\u0301 sa za to, z\u030ce ozna\u0301menie nebolo odoslane\u0301.<\/span><\/p>\n<p><span style=\"color: #333333;\">V pri\u0301pade pos\u030ckodenia za\u0301sielky je za\u0301kazni\u0301k povinny\u0301 ponechat\u030c si za\u0301sielku na vlastne\u0301 na\u0301klady v stave, v akom bola doruc\u030cena\u0301 az\u030c do ukonc\u030cenia konania.<\/span><\/p>\n<p><span style=\"color: #333333;\">Po prijati\u0301 vs\u030cetky\u0301ch potrebny\u0301ch podkladov spoloc\u030cnost\u030c SKANLINE s.r.o. zas\u030cle poskytovatel\u030covi kurie\u0301rskych sluz\u030cieb z\u030ciadost\u030c o vyma\u0301hanie poistne\u0301ho plnenia v prospech za\u0301kazni\u0301ka.<\/span><\/p>\n<h2><span style=\"color: #333333;\">Zaka\u0301zane\u0301 predmety<\/span><\/h2>\n<p><span style=\"color: #333333;\">Prijati\u0301m ty\u0301chto Vs\u030ceobecny\u0301ch obchodny\u0301ch podmienok za\u0301kazni\u0301k su\u0301hlasi\u0301 so zoznamom zaka\u0301zany\u0301ch predmetov a vyhlasuje, z\u030ce nebude posielat\u030c z\u030ciadne poloz\u030cky, ktore\u0301 su\u0301 uvedene\u0301 na tomto zozname, ani poloz\u030cky, ktore\u0301 su\u0301 zaka\u0301zane\u0301 podl\u030ca vs\u030ceobecny\u0301ch obchodny\u0301ch podmienok poskytovatel\u030ca kurie\u0301rskych sluz\u030cieb alebo za\u0301konov krajiny, v ktorej ma\u0301 byt\u030c odovzdanie alebo doruc\u030cenie uskutoc\u030cnene\u0301.<\/span><\/p>\n<p><span style=\"color: #333333;\">Za\u0301kazni\u0301k sa zava\u0308zuje, z\u030ce nebude posielat\u030c tovar, ktory\u0301 bol odcudzeny\u0301, ani tovar, ktory\u0301 nie je vo vol\u030cnom obehu na za\u0301klade platny\u0301ch pra\u0301vnych predpisov Euro\u0301pskej u\u0301nie.<\/span><\/p>\n<p><span style=\"color: #333333;\">Spoloc\u030cnost\u030c SKANLINE s.r.o. zakazuje prepravu s\u030cperkov, zlata, staroz\u030citnosti\u0301, obrazov, l\u030cudsky\u0301ch pozostatkov, l\u030cudsky\u0301ch orga\u0301nov, zvierat, skla a porcela\u0301nu. Ak za\u0301kazni\u0301k aj tak odos\u030cle nejaky\u0301 zo zaka\u0301zany\u0301ch predmetov, potom bude zodpovedny\u0301 za vs\u030cetky s\u030ckody a vy\u0301davky vzniknute\u0301 v tomto ohl\u030cade.<\/span><\/p>\n<p><span style=\"color: #333333;\">Medzi zaka\u0301zane\u0301 predmety patria tiez\u030c vs\u030cetky nebezpec\u030cne\u0301 la\u0301tky a la\u0301tky, ktore\u0301 si vyz\u030caduju\u0301 s\u030cpecia\u0301lne povolenia na prepravu, osobitne\u0301 zaobcha\u0301dzanie alebo s\u030cpecificku\u0301 dokumenta\u0301ciu.<\/span><\/p>\n<p><span style=\"color: #333333;\">Niektore\u0301 pri\u0301klady zaka\u0301zany\u0301ch poloz\u030ciek:<\/span><\/p>\n<ul>\n<li><span style=\"color: #333333;\">zvierata\u0301 a z\u030civoc\u030ci\u0301s\u030cne produkty<\/span><\/li>\n<li><span style=\"color: #333333;\">zbrane a muni\u0301cia<\/span><\/li>\n<li><span style=\"color: #333333;\">nebezpec\u030cne\u0301 la\u0301tky a predmety<\/span><\/li>\n<li><span style=\"color: #333333;\">kvety a ostatne\u0301 rastliny<\/span><\/li>\n<li><span style=\"color: #333333;\">l\u030cudske\u0301 pozostatky a pohrebne\u0301 urny<\/span><\/li>\n<li><span style=\"color: #333333;\">nelega\u0301lne poloz\u030cky<\/span><\/li>\n<li><span style=\"color: #333333;\">leka\u0301rske vzorky<\/span><\/li>\n<li><span style=\"color: #333333;\">poloz\u030cky, ktore\u0301 vyz\u030caduju\u0301 prostredie s regulovanou teplotou<\/span><\/li>\n<li><span style=\"color: #333333;\">pornografia<\/span><\/li>\n<li><span style=\"color: #333333;\">lieky na predpis a ine\u0301 liec\u030civa\u0301<\/span><\/li>\n<li><span style=\"color: #333333;\">tabak<\/span><\/li>\n<li><span style=\"color: #333333;\">potraviny<\/span><\/li>\n<li><span style=\"color: #333333;\">poloz\u030cky vysokej hodnoty<\/span><\/li>\n<li><span style=\"color: #333333;\">poloz\u030cky sentimenta\u0301lnej hodnoty<\/span><\/li>\n<\/ul>\n<h2><span style=\"color: #333333;\">PLATNE\u0301 PRA\u0301VO<\/span><\/h2>\n<p><span style=\"color: #333333;\">Spoloc\u030cnost\u030c SKANLINE s.r.o. po\u0302sobi\u0301 ako zmocnenec: potvrdeni\u0301m objedna\u0301vky za\u0301kazni\u0301k opra\u0301vn\u030cuje spoloc\u030cnost\u030c SKANLINE s.r.o. k uzavretiu dohody vlastny\u0301m menom a na u\u0301c\u030cet za\u0301kazni\u0301ka (klienta) s poskytovatel\u030com kurie\u0301rskych sluz\u030cieb (kurie\u0301rom), ktory\u0301 spl\u0301n\u030ca podmienky pre uskutoc\u030cnenie sluz\u030cieb.<\/span><\/p>\n<p><span style=\"color: #333333;\">Spoloc\u030cnost\u030c SKANLINE s.r.o. ruc\u030ci\u0301 len za vy\u0301ber poskytovatel\u030ca kurie\u0301rskych sluz\u030cieb (kurie\u0301ra) ak za\u0301sielku sama neprepravi\u0301.<\/span><\/p>\n<\/div>\n\t\t\t\t<\/div>\n\t\t\t\t<\/div>\n\t\t\t\t<div class=\"elementor-element elementor-element-95f9189 elementor-widget elementor-widget-spacer\" data-id=\"95f9189\" data-element_type=\"widget\" data-widget_type=\"spacer.default\">\n\t\t\t\t<div class=\"elementor-widget-container\">\n\t\t\t\t\t<div class=\"elementor-spacer\">\n\t\t\t<div class=\"elementor-spacer-inner\"><\/div>\n\t\t<\/div>\n\t\t\t\t<\/div>\n\t\t\t\t<\/div>\n\t\t\t\t\t<\/div>\n\t\t<\/div>\n\t\t\t\t\t\t\t<\/div>\n\t\t<\/section>\n\t\t\t\t\t\t<\/div>\n\t\t\t\t\t<\/div>\n\t\t","protected":false},"excerpt":{"rendered":"<p>Return Policy Spoloc\u030cnost\u030c SKANLINE s.r.o. neponu\u0301ka z\u030ciadne zaruc\u030cene\u0301 dodacie lehoty. Vs\u030cetky dodacie lehoty su\u0301 len informati\u0301vne a mo\u0302z\u030cu sa zmenit\u030c a predl\u0301z\u030cit\u030c z do\u0302vodu na strane kurie\u0301rov alebo z vonkajs\u030ci\u0301ch pri\u0301c\u030cin. V pri\u0301pade neskore\u0301ho dodania spoloc\u030cnost\u030c SKANLINE s.r.o. alebo poskytovatel\u030c kurie\u0301rskych sluz\u030cieb nenesie zodpovednost\u030c za ake\u0301kol\u030cvek s\u030ckody c\u030ci ujmy, a nie je povinny\u0301 splnit\u030c ake\u0301kol\u030cvek [&hellip;]<\/p>\n","protected":false},"author":1,"featured_media":0,"parent":0,"menu_order":0,"comment_status":"closed","ping_status":"closed","template":"elementor_header_footer","meta":{"_monsterinsights_skip_tracking":false,"_monsterinsights_sitenote_active":false,"_monsterinsights_sitenote_note":"","_monsterinsights_sitenote_category":0},"yoast_head":"<!-- This site is optimized with the Yoast SEO plugin v15.8 - https:\/\/yoast.com\/wordpress\/plugins\/seo\/ -->\n<title>Return Policy | V\u00fd\u0161ka od\u0161kodnenia bal\u00edkov | Moving Service<\/title>\n<meta name=\"description\" content=\"Reklam\u00e1cie, inform\u00e1cie o dodac\u00edch lehot\u00e1ch a pr\u00edpadne vypl\u00e1canie od\u0161kodnenia z\u00e1sielok. V\u00fd\u0161ky poistenia bal\u00edkov pre palety a cel\u00e9 auto.\" \/>\n<meta name=\"robots\" content=\"index, follow, max-snippet:-1, max-image-preview:large, max-video-preview:-1\" \/>\n<link rel=\"canonical\" href=\"https:\/\/sk.movingservice.sk\/en\/return-policy\/\" \/>\n<meta property=\"og:locale\" content=\"en_US\" \/>\n<meta property=\"og:type\" content=\"article\" \/>\n<meta property=\"og:title\" content=\"Return Policy | V\u00fd\u0161ka od\u0161kodnenia bal\u00edkov | Moving Service\" \/>\n<meta property=\"og:description\" content=\"Reklam\u00e1cie, inform\u00e1cie o dodac\u00edch lehot\u00e1ch a pr\u00edpadne vypl\u00e1canie od\u0161kodnenia z\u00e1sielok. V\u00fd\u0161ky poistenia bal\u00edkov pre palety a cel\u00e9 auto.\" \/>\n<meta property=\"og:url\" content=\"https:\/\/sk.movingservice.sk\/en\/return-policy\/\" \/>\n<meta property=\"og:site_name\" content=\"Moving Service\" \/>\n<meta property=\"article:modified_time\" content=\"2021-02-24T13:58:23+00:00\" \/>\n<meta property=\"og:image\" content=\"https:\/\/sk.movingservice.sk\/wp-content\/uploads\/2021\/02\/kruhy.png\" \/>\n\t<meta property=\"og:image:width\" content=\"412\" \/>\n\t<meta property=\"og:image:height\" content=\"421\" \/>\n<meta name=\"twitter:card\" content=\"summary_large_image\" \/>\n<meta name=\"twitter:title\" content=\"Return Policy | V\u00fd\u0161ka od\u0161kodnenia bal\u00edkov | Moving Service\" \/>\n<meta name=\"twitter:description\" content=\"Reklam\u00e1cie, inform\u00e1cie o dodac\u00edch lehot\u00e1ch a pr\u00edpadne vypl\u00e1canie od\u0161kodnenia z\u00e1sielok. V\u00fd\u0161ky poistenia bal\u00edkov pre palety a cel\u00e9 auto.\" \/>\n<meta name=\"twitter:image\" content=\"https:\/\/sk.movingservice.sk\/wp-content\/uploads\/2021\/02\/kruhy.png\" \/>\n<meta name=\"twitter:label1\" content=\"Est. reading time\">\n\t<meta name=\"twitter:data1\" content=\"6 minutes\">\n<script type=\"application\/ld+json\" class=\"yoast-schema-graph\">{\"@context\":\"https:\/\/schema.org\",\"@graph\":[{\"@type\":\"WebSite\",\"@id\":\"https:\/\/sk.movingservice.sk\/#website\",\"url\":\"https:\/\/sk.movingservice.sk\/\",\"name\":\"Moving Service\",\"description\":\"Profesion\\u00e1lna Preprava Tovaru s Moving Service\",\"potentialAction\":[{\"@type\":\"SearchAction\",\"target\":\"https:\/\/sk.movingservice.sk\/?s={search_term_string}\",\"query-input\":\"required name=search_term_string\"}],\"inLanguage\":\"en-US\"},{\"@type\":\"WebPage\",\"@id\":\"https:\/\/sk.movingservice.sk\/en\/return-policy\/#webpage\",\"url\":\"https:\/\/sk.movingservice.sk\/en\/return-policy\/\",\"name\":\"Return Policy | V\\u00fd\\u0161ka od\\u0161kodnenia bal\\u00edkov | Moving Service\",\"isPartOf\":{\"@id\":\"https:\/\/sk.movingservice.sk\/#website\"},\"datePublished\":\"2021-02-13T21:12:45+00:00\",\"dateModified\":\"2021-02-24T13:58:23+00:00\",\"description\":\"Reklam\\u00e1cie, inform\\u00e1cie o dodac\\u00edch lehot\\u00e1ch a pr\\u00edpadne vypl\\u00e1canie od\\u0161kodnenia z\\u00e1sielok. V\\u00fd\\u0161ky poistenia bal\\u00edkov pre palety a cel\\u00e9 auto.\",\"breadcrumb\":{\"@id\":\"https:\/\/sk.movingservice.sk\/en\/return-policy\/#breadcrumb\"},\"inLanguage\":\"en-US\",\"potentialAction\":[{\"@type\":\"ReadAction\",\"target\":[\"https:\/\/sk.movingservice.sk\/en\/return-policy\/\"]}]},{\"@type\":\"BreadcrumbList\",\"@id\":\"https:\/\/sk.movingservice.sk\/en\/return-policy\/#breadcrumb\",\"itemListElement\":[{\"@type\":\"ListItem\",\"position\":1,\"item\":{\"@type\":\"WebPage\",\"@id\":\"https:\/\/sk.movingservice.sk\/en\/\",\"url\":\"https:\/\/sk.movingservice.sk\/en\/\",\"name\":\"Home\"}},{\"@type\":\"ListItem\",\"position\":2,\"item\":{\"@type\":\"WebPage\",\"@id\":\"https:\/\/sk.movingservice.sk\/en\/return-policy\/\",\"url\":\"https:\/\/sk.movingservice.sk\/en\/return-policy\/\",\"name\":\"Return Policy\"}}]}]}<\/script>\n<!-- \/ Yoast SEO plugin. -->","_links":{"self":[{"href":"https:\/\/sk.movingservice.sk\/en\/wp-json\/wp\/v2\/pages\/619"}],"collection":[{"href":"https:\/\/sk.movingservice.sk\/en\/wp-json\/wp\/v2\/pages"}],"about":[{"href":"https:\/\/sk.movingservice.sk\/en\/wp-json\/wp\/v2\/types\/page"}],"author":[{"embeddable":true,"href":"https:\/\/sk.movingservice.sk\/en\/wp-json\/wp\/v2\/users\/1"}],"replies":[{"embeddable":true,"href":"https:\/\/sk.movingservice.sk\/en\/wp-json\/wp\/v2\/comments?post=619"}],"version-history":[{"count":2,"href":"https:\/\/sk.movingservice.sk\/en\/wp-json\/wp\/v2\/pages\/619\/revisions"}],"predecessor-version":[{"id":646,"href":"https:\/\/sk.movingservice.sk\/en\/wp-json\/wp\/v2\/pages\/619\/revisions\/646"}],"wp:attachment":[{"href":"https:\/\/sk.movingservice.sk\/en\/wp-json\/wp\/v2\/media?parent=619"}],"curies":[{"name":"wp","href":"https:\/\/api.w.org\/{rel}","templated":true}]}}